{"id":2,"date":"2021-01-07T12:32:38","date_gmt":"2021-01-07T11:32:38","guid":{"rendered":"http:\/\/www.leptitcamionvrac.fr\/?page_id=2"},"modified":"2025-02-18T14:43:16","modified_gmt":"2025-02-18T13:43:16","slug":"a-propos-2","status":"publish","type":"page","link":"https:\/\/www.leptitcamionvrac.fr\/index.php\/a-propos-2\/","title":{"rendered":"A propos"},"content":{"rendered":"\n<div class=\"wp-block-columns is-not-stacked-on-mobile is-layout-flex wp-container-core-columns-is-layout-62817ebd wp-block-columns-is-layout-flex\" id=\"HAUT\" style=\"margin-top:0;margin-bottom:0;padding-top:var(--wp--preset--spacing--30);padding-right:0;padding-bottom:var(--wp--preset--spacing--30);padding-left:0\">\n<div class=\"wp-block-column is-vertically-aligned-bottom is-layout-flow wp-block-column-is-layout-flow\">\n<figure class=\"wp-block-image aligncenter size-full\"><a href=\"https:\/\/www.leptitcamionvrac.fr\/#LA-TOURNEE\"><img loading=\"lazy\" decoding=\"async\" width=\"200\" height=\"160\" src=\"https:\/\/www.leptitcamionvrac.fr\/wp-content\/uploads\/2025\/01\/BOUT-032.png\" alt=\"\" class=\"wp-image-714\"\/><\/a><\/figure>\n<\/div>\n\n\n\n<div class=\"wp-block-column is-vertically-aligned-bottom is-layout-flow wp-block-column-is-layout-flow\" style=\"padding-top:0;padding-right:0;padding-bottom:0;padding-left:0\">\n<figure class=\"wp-block-image aligncenter size-full\"><a href=\"https:\/\/www.leptitcamionvrac.fr\/index.php\/a-la-une\"><img loading=\"lazy\" decoding=\"async\" width=\"200\" height=\"160\" src=\"https:\/\/www.leptitcamionvrac.fr\/wp-content\/uploads\/2025\/02\/BOUT-02.png\" alt=\"\" class=\"wp-image-743\"\/><\/a><\/figure>\n<\/div>\n\n\n\n<div class=\"wp-block-column is-vertically-aligned-bottom is-layout-flow wp-block-column-is-layout-flow\">\n<figure class=\"wp-block-image aligncenter size-full\"><a href=\"https:\/\/www.leptitcamionvrac.fr\/index.php\/a-propos-2\/\"><img loading=\"lazy\" decoding=\"async\" width=\"200\" height=\"160\" src=\"https:\/\/www.leptitcamionvrac.fr\/wp-content\/uploads\/2025\/02\/BOUT-01.png\" alt=\"\" class=\"wp-image-745\"\/><\/a><\/figure>\n<\/div>\n\n\n\n<div class=\"wp-block-column is-vertically-aligned-top is-layout-flow wp-block-column-is-layout-flow\" style=\"padding-top:0;padding-bottom:0\">\n<figure class=\"wp-block-image aligncenter size-full\"><a href=\"https:\/\/www.leptitcamionvrac.fr\/index.php\/contacts\/\"><img loading=\"lazy\" decoding=\"async\" width=\"200\" height=\"160\" src=\"https:\/\/www.leptitcamionvrac.fr\/wp-content\/uploads\/2025\/01\/BOUT-42.png\" alt=\"\" class=\"wp-image-716\"\/><\/a><\/figure>\n<\/div>\n<\/div>\n\n\n\n<p class=\"has-ast-global-color-5-color has-text-color has-link-color wp-elements-7deb13ea0d11970e375b2b49978dd410\">&#8211;<\/p>\n\n\n\n<figure class=\"wp-block-image aligncenter size-full\"><img loading=\"lazy\" decoding=\"async\" width=\"888\" height=\"95\" src=\"https:\/\/www.leptitcamionvrac.fr\/wp-content\/uploads\/2022\/10\/titre-VRAC2.png\" alt=\"\" class=\"wp-image-402\" srcset=\"https:\/\/www.leptitcamionvrac.fr\/wp-content\/uploads\/2022\/10\/titre-VRAC2.png 888w, https:\/\/www.leptitcamionvrac.fr\/wp-content\/uploads\/2022\/10\/titre-VRAC2-300x32.png 300w, https:\/\/www.leptitcamionvrac.fr\/wp-content\/uploads\/2022\/10\/titre-VRAC2-768x82.png 768w\" sizes=\"auto, (max-width: 888px) 100vw, 888px\" \/><\/figure>\n\n\n\n<p><\/p>\n\n\n\n<div class=\"wp-block-columns alignwide has-ast-global-color-5-background-color has-background is-layout-flex wp-container-core-columns-is-layout-28f84493 wp-block-columns-is-layout-flex\">\n<div class=\"wp-block-column is-vertically-aligned-top is-layout-flow wp-block-column-is-layout-flow\" style=\"flex-basis:33%\">\n<figure class=\"wp-block-image alignleft size-full\"><img loading=\"lazy\" decoding=\"async\" width=\"410\" height=\"677\" src=\"https:\/\/www.leptitcamionvrac.fr\/wp-content\/uploads\/2022\/10\/img2-3.png\" alt=\"\" class=\"wp-image-429\" srcset=\"https:\/\/www.leptitcamionvrac.fr\/wp-content\/uploads\/2022\/10\/img2-3.png 410w, https:\/\/www.leptitcamionvrac.fr\/wp-content\/uploads\/2022\/10\/img2-3-182x300.png 182w\" sizes=\"auto, (max-width: 410px) 100vw, 410px\" \/><\/figure>\n<\/div>\n\n\n\n<div class=\"wp-block-column is-layout-flow wp-block-column-is-layout-flow\" style=\"flex-basis:67%\">\n<p class=\"has-normal-font-size\">Votre \u00e9picerie bio de proximit\u00e9 dans la Ni\u00e8vre et le Morvan ! Faites le plein de bons produits Bio et locaux vendus en vrac, de cosm\u00e9tiques naturelles et d&rsquo;accessoires durables pour la cuisine et la salle de bain.<\/p>\n\n\n\n<p><\/p>\n\n\n\n<p class=\"has-normal-font-size\">Lanc\u00e9 en juillet 2021,&nbsp;<strong>Le P\u2019tit Camion Vrac<\/strong>&nbsp;vous propose des produits sans emballage pour r\u00e9duire ses d\u00e9chets \u00e0 la maison et adopter le r\u00e9flexe du recyclage des contenants bocaux, bo\u00eetes et sacs pour y mettre ses aliments et ses courses.<\/p>\n\n\n\n<p class=\"has-normal-font-size\"><\/p>\n\n\n\n<p class=\"has-normal-font-size\"><br>Il me tient \u00e0 coeur de permettre \u00e0 chacun, \u00e0 sa mesure, d&rsquo;agir en consommateur \u00ab&nbsp;engag\u00e9&nbsp;\u00bb et de transmettre des valeurs qui me tiennent \u00e0 coeur&nbsp;:<br><br>\u2022&nbsp;<strong>le respect de l&rsquo;environnement<\/strong>&nbsp;avec moins d&#8217;emballage, en privil\u00e9giant des produits r\u00e9utilisables&nbsp;;<br><br>\u2022&nbsp;<strong>le respect du consommateur<\/strong>&nbsp;en vendant des produits sains labellis\u00e9s Agriculture Biologique (AB), certains issus de la fili\u00e8re locale (maximum 150 km), et accessibles pr\u00e8s de son lieu de vie pour \u00e9conomiser des trajets on\u00e9reux et r\u00e9duire notre impact carbone&nbsp;;<br><br>\u2022&nbsp;<strong>le respect des producteurs et artisans fran\u00e7ais et locaux<\/strong>&nbsp;avec des r\u00e9f\u00e9rences locales achet\u00e9es \u00e0 un juste prix permettant \u00e0 chacun de vivre de son travail.<br><br>Si vous ne pouvez pas vous rendre sur les march\u00e9s, n&rsquo;h\u00e9sitez pas \u00e0 passer commande.<\/p>\n\n\n\n<p class=\"has-text-align-left has-normal-font-size\"><strong>Vous avez besoin d&rsquo;une livraison sp\u00e9cifique, d&rsquo;une commande en gros volume ou d&rsquo;une information ? <a href=\"mailto:leptitcamionvrac@gmail.com\" target=\"_blank\" rel=\"noreferrer noopener\">Contactez-moi<\/a> !<\/strong><br><br>A tr\u00e8s bient\u00f4t<br><br>Livia <\/p>\n<\/div>\n<\/div>\n\n\n\n<p class=\"has-text-align-center\"><\/p>\n\n\n\n<p class=\"has-text-align-center\"><\/p>\n","protected":false},"excerpt":{"rendered":"<p>&#8211; Votre \u00e9picerie bio de proximit\u00e9 dans la Ni\u00e8vre et le Morvan ! Faites le plein de bons produits Bio et locaux vendus en vrac, de cosm\u00e9tiques naturelles et d&rsquo;accessoires durables pour la cuisine et la salle de bain. Lanc\u00e9 en juillet 2021,&nbsp;Le P\u2019tit Camion Vrac&nbsp;vous propose des produits sans emballage pour r\u00e9duire ses d\u00e9chets [&hellip;]<\/p>\n","protected":false},"author":1,"featured_media":0,"parent":0,"menu_order":0,"comment_status":"closed","ping_status":"closed","template":"","meta":{"_uag_custom_page_level_css":"","_monsterinsights_skip_tracking":false,"_monsterinsights_sitenote_active":false,"_monsterinsights_sitenote_note":"","_monsterinsights_sitenote_category":0,"site-sidebar-layout":"default","site-content-layout":"plain-container","ast-site-content-layout":"normal-width-container","site-content-style":"unboxed","site-sidebar-style":"unboxed","ast-global-header-display":"","ast-banner-title-visibility":"","ast-main-header-display":"disabled","ast-hfb-above-header-display":"","ast-hfb-below-header-display":"","ast-hfb-mobile-header-display":"","site-post-title":"disabled","ast-breadcrumbs-content":"","ast-featured-img":"disabled","footer-sml-layout":"","theme-transparent-header-meta":"disabled","adv-header-id-meta":"","stick-header-meta":"","header-above-stick-meta":"","header-main-stick-meta":"","header-below-stick-meta":"","astra-migrate-meta-layouts":"set","ast-page-background-enabled":"default","ast-page-background-meta":{"desktop":{"background-color":"var(--ast-global-color-4)","background-image":"","background-repeat":"repeat","background-position":"center center","background-size":"auto","background-attachment":"scroll","background-type":"","background-media":"","overlay-type":"","overlay-color":"","overlay-opacity":"","overlay-gradient":""},"tablet":{"background-color":"","background-image":"","background-repeat":"repeat","background-position":"center center","background-size":"auto","background-attachment":"scroll","background-type":"","background-media":"","overlay-type":"","overlay-color":"","overlay-opacity":"","overlay-gradient":""},"mobile":{"background-color":"","background-image":"","background-repeat":"repeat","background-position":"center center","background-size":"auto","background-attachment":"scroll","background-type":"","background-media":"","overlay-type":"","overlay-color":"","overlay-opacity":"","overlay-gradient":""}},"ast-content-background-meta":{"desktop":{"background-color":"var(--ast-global-color-5)","background-image":"","background-repeat":"repeat","background-position":"center center","background-size":"auto","background-attachment":"scroll","background-type":"","background-media":"","overlay-type":"","overlay-color":"","overlay-opacity":"","overlay-gradient":""},"tablet":{"background-color":"var(--ast-global-color-5)","background-image":"","background-repeat":"repeat","background-position":"center center","background-size":"auto","background-attachment":"scroll","background-type":"","background-media":"","overlay-type":"","overlay-color":"","overlay-opacity":"","overlay-gradient":""},"mobile":{"background-color":"var(--ast-global-color-5)","background-image":"","background-repeat":"repeat","background-position":"center center","background-size":"auto","background-attachment":"scroll","background-type":"","background-media":"","overlay-type":"","overlay-color":"","overlay-opacity":"","overlay-gradient":""}},"footnotes":""},"class_list":["post-2","page","type-page","status-publish","hentry"],"aioseo_notices":[],"uagb_featured_image_src":{"full":false,"thumbnail":false,"medium":false,"medium_large":false,"large":false,"1536x1536":false,"2048x2048":false},"uagb_author_info":{"display_name":"Liv25","author_link":"https:\/\/www.leptitcamionvrac.fr\/index.php\/author\/admin5208\/"},"uagb_comment_info":0,"uagb_excerpt":"&#8211; Votre \u00e9picerie bio de proximit\u00e9 dans la Ni\u00e8vre et le Morvan ! Faites le plein de bons produits Bio et locaux vendus en vrac, de cosm\u00e9tiques naturelles et d&rsquo;accessoires durables pour la cuisine et la salle de bain. Lanc\u00e9 en juillet 2021,&nbsp;Le P\u2019tit Camion Vrac&nbsp;vous propose des produits sans emballage pour r\u00e9duire ses d\u00e9chets\u2026","_links":{"self":[{"href":"https:\/\/www.leptitcamionvrac.fr\/index.php\/wp-json\/wp\/v2\/pages\/2","targetHints":{"allow":["GET"]}}],"collection":[{"href":"https:\/\/www.leptitcamionvrac.fr\/index.php\/wp-json\/wp\/v2\/pages"}],"about":[{"href":"https:\/\/www.leptitcamionvrac.fr\/index.php\/wp-json\/wp\/v2\/types\/page"}],"author":[{"embeddable":true,"href":"https:\/\/www.leptitcamionvrac.fr\/index.php\/wp-json\/wp\/v2\/users\/1"}],"replies":[{"embeddable":true,"href":"https:\/\/www.leptitcamionvrac.fr\/index.php\/wp-json\/wp\/v2\/comments?post=2"}],"version-history":[{"count":44,"href":"https:\/\/www.leptitcamionvrac.fr\/index.php\/wp-json\/wp\/v2\/pages\/2\/revisions"}],"predecessor-version":[{"id":1003,"href":"https:\/\/www.leptitcamionvrac.fr\/index.php\/wp-json\/wp\/v2\/pages\/2\/revisions\/1003"}],"wp:attachment":[{"href":"https:\/\/www.leptitcamionvrac.fr\/index.php\/wp-json\/wp\/v2\/media?parent=2"}],"curies":[{"name":"wp","href":"https:\/\/api.w.org\/{rel}","templated":true}]}}